{"id":74216,"date":"2023-07-10T11:15:44","date_gmt":"2023-07-10T10:15:44","guid":{"rendered":"https:\/\/grimaudfreres.com\/weezyou\/"},"modified":"2023-07-20T15:32:11","modified_gmt":"2023-07-20T14:32:11","slug":"weezyou","status":"publish","type":"page","link":"https:\/\/grimaudfreres.com\/en\/weezyou\/","title":{"rendered":"Weezyou"},"content":{"rendered":"<p>[et_pb_section fb_built=&#8221;1&#8243; _builder_version=&#8221;4.18.0&#8243; background_color=&#8221;rgba(0,0,0,0.33)&#8221; background_image=&#8221;https:\/\/grimaudfreres.com\/wp-content\/uploads\/2023\/07\/banner-weezyou.jpg&#8221; background_position=&#8221;top_left&#8221; background_blend=&#8221;overlay&#8221; custom_padding=&#8221;|0%|7%|0%|false|true&#8221; custom_padding_tablet=&#8221;|0px|7%|0px|false|true&#8221; custom_padding_phone=&#8221;|0px|7%|0px|false|true&#8221; global_colors_info=&#8221;{}&#8221;][et_pb_row custom_padding_last_edited=&#8221;on|phone&#8221; module_class=&#8221; et_pb_row_fullwidth&#8221; _builder_version=&#8221;4.18.0&#8243; max_width=&#8221;1500px&#8221; custom_padding=&#8221;|5%|0px|5%|false|true&#8221; custom_padding_tablet=&#8221;||||false|true&#8221; custom_padding_phone=&#8221;||||false|true&#8221; make_fullwidth=&#8221;on&#8221; global_colors_info=&#8221;{}&#8221;][et_pb_column type=&#8221;4_4&#8243; _builder_version=&#8221;4.16&#8243; custom_padding=&#8221;|||&#8221; global_colors_info=&#8221;{}&#8221; custom_padding__hover=&#8221;|||&#8221;][et_pb_text _builder_version=&#8221;4.18.0&#8243; text_font=&#8221;||||||||&#8221; header_font=&#8221;||||||||&#8221; header_text_align=&#8221;left&#8221; header_text_color=&#8221;#ffffff&#8221; header_font_size=&#8221;60px&#8221; header_line_height=&#8221;1.2em&#8221; custom_margin=&#8221;||5px|||&#8221; custom_padding=&#8221;10%||||false|false&#8221; custom_padding_tablet=&#8221;15%||0%||false|false&#8221; custom_padding_phone=&#8221;20%||0%||false|false&#8221; custom_padding_last_edited=&#8221;on|tablet&#8221; header_font_size_tablet=&#8221;60px&#8221; header_font_size_phone=&#8221;35px&#8221; header_font_size_last_edited=&#8221;on|phone&#8221; global_colors_info=&#8221;{}&#8221;]<\/p>\n<h1>Weezyou<\/h1>\n<p>[\/et_pb_text][et_pb_text _builder_version=&#8221;4.18.0&#8243; text_font=&#8221;||||||||&#8221; text_text_color=&#8221;#ffffff&#8221; text_font_size=&#8221;22px&#8221; text_line_height=&#8221;1.2em&#8221; width=&#8221;61%&#8221; width_tablet=&#8221;100%&#8221; width_phone=&#8221;&#8221; width_last_edited=&#8221;on|phone&#8221; custom_margin=&#8221;-4px|||||&#8221; custom_padding=&#8221;10px||36px|||&#8221; text_font_size_tablet=&#8221;&#8221; text_font_size_phone=&#8221;&#8221; text_font_size_last_edited=&#8221;on|desktop&#8221; global_colors_info=&#8221;{}&#8221;]<\/p>\n<p>The animal production services platform<\/p>\n<p>[\/et_pb_text][\/et_pb_column][\/et_pb_row][\/et_pb_section][et_pb_section fb_built=&#8221;1&#8243; _builder_version=&#8221;4.18.0&#8243; custom_padding=&#8221;80px|0%|100px|0%|false|true&#8221; custom_padding_tablet=&#8221;60px|0px|60px|0px|true|true&#8221; custom_padding_phone=&#8221;20px||20px||true|true&#8221; global_colors_info=&#8221;{}&#8221;][et_pb_row column_structure=&#8221;1_2,1_2&#8243; custom_padding_last_edited=&#8221;on|tablet&#8221; _builder_version=&#8221;4.18.0&#8243; max_width=&#8221;1500px&#8221; custom_padding=&#8221;|5%||5%|false|true&#8221; custom_padding_tablet=&#8221;0px|5%|0px|5%|false|false&#8221; custom_padding_phone=&#8221;0px|5%|0px|5%|false|true&#8221; global_colors_info=&#8221;{}&#8221;][et_pb_column type=&#8221;1_2&#8243; _builder_version=&#8221;4.18.0&#8243; background_enable_image=&#8221;off&#8221; background_size=&#8221;initial&#8221; background_position=&#8221;bottom_left&#8221; global_colors_info=&#8221;{}&#8221;][et_pb_image src=&#8221;https:\/\/grimaudfreres.com\/wp-content\/uploads\/2023\/07\/logo-weezyou.jpg&#8221; alt=&#8221;Mickael Le Helloco, DG Novogen, g\u00e9n\u00e9tique aviculture&#8221; title_text=&#8221;logo-weezyou&#8221; disabled_on=&#8221;on|on|off&#8221; _builder_version=&#8221;4.18.0&#8243; background_enable_image=&#8221;off&#8221; z_index=&#8221;56&#8243; width=&#8221;100%&#8221; module_alignment=&#8221;right&#8221; custom_margin=&#8221;||0px|0px|false|false&#8221; custom_padding=&#8221;||||false|false&#8221; border_radii=&#8221;on|60px|60px|60px|60px&#8221; global_colors_info=&#8221;{}&#8221;][\/et_pb_image][\/et_pb_column][et_pb_column type=&#8221;1_2&#8243; _builder_version=&#8221;4.18.0&#8243; global_colors_info=&#8221;{}&#8221;][et_pb_image src=&#8221;https:\/\/grimaudfreres.com\/wp-content\/uploads\/2020\/09\/angle-droit.svg&#8221; title_text=&#8221;angle-droit&#8221; align=&#8221;right&#8221; _builder_version=&#8221;4.16&#8243; z_index=&#8221;43&#8243; width=&#8221;18%&#8221; module_alignment=&#8221;right&#8221; custom_margin=&#8221;-70px||0px||false|false&#8221; custom_margin_tablet=&#8221;0px||0px||false|false&#8221; custom_margin_phone=&#8221;&#8221; custom_margin_last_edited=&#8221;on|tablet&#8221; border_radii=&#8221;off||||&#8221; global_colors_info=&#8221;{}&#8221;][\/et_pb_image][et_pb_text _builder_version=&#8221;4.18.0&#8243; text_font=&#8221;|800||on|||||&#8221; text_text_color=&#8221;#2354A4&#8243; text_font_size=&#8221;2vw&#8221; text_line_height=&#8221;1.2em&#8221; header_font=&#8221;||||||||&#8221; header_font_size=&#8221;50px&#8221; header_2_font=&#8221;||||||||&#8221; header_2_text_color=&#8221;#1d1d1b&#8221; header_2_font_size=&#8221;3vw&#8221; header_2_line_height=&#8221;50px&#8221; header_3_font=&#8221;||||||||&#8221; header_3_text_color=&#8221;#000000&#8243; header_3_font_size=&#8221;28px&#8221; header_3_line_height=&#8221;1.2em&#8221; header_4_text_align=&#8221;left&#8221; header_4_text_color=&#8221;#ffffff&#8221; background_color=&#8221;#ffffff&#8221; custom_margin=&#8221;-80px||0px|-30%|false|false&#8221; custom_margin_tablet=&#8221;-30px|||0%|false|false&#8221; custom_margin_phone=&#8221;&#8221; custom_margin_last_edited=&#8221;on|tablet&#8221; custom_padding=&#8221;70px|20%|5%|5%|false|false&#8221; custom_padding_tablet=&#8221;0px|15%|5%|0%|false|false&#8221; custom_padding_phone=&#8221;|10%|||false|false&#8221; custom_padding_last_edited=&#8221;on|tablet&#8221; hover_enabled=&#8221;0&#8243; text_font_size_tablet=&#8221;3.5vw&#8221; text_font_size_phone=&#8221;6vw&#8221; text_font_size_last_edited=&#8221;on|tablet&#8221; header_3_font_size_tablet=&#8221;22px&#8221; header_3_font_size_phone=&#8221;20px&#8221; header_3_font_size_last_edited=&#8221;on|phone&#8221; border_radii=&#8221;off||||60px&#8221; border_style_all=&#8221;none&#8221; border_color_top=&#8221;#ffffff&#8221; border_color_right=&#8221;#ffffff&#8221; border_color_bottom=&#8221;#ffffff&#8221; border_color_left=&#8221;#ffffff&#8221; border_radii_tablet=&#8221;off||||0px&#8221; border_radii_phone=&#8221;off||||0px&#8221; border_radii_last_edited=&#8221;on|phone&#8221; global_colors_info=&#8221;{}&#8221; sticky_enabled=&#8221;0&#8243;]<\/p>\n<h3>Grimaud Fr\u00e8res <span style=\"color: #f18700;\">has designed the &#8220;Weezyou&#8221; platform, specially dedicated to those involved in animal production.<\/span><\/h3>\n<p>[\/et_pb_text][et_pb_text _builder_version=&#8221;4.18.0&#8243; text_font=&#8221;||||||||&#8221; text_text_color=&#8221;#000000&#8243; header_font=&#8221;||||||||&#8221; header_font_size=&#8221;50px&#8221; header_2_font=&#8221;||||||||&#8221; header_2_text_color=&#8221;#1d1d1b&#8221; header_2_line_height=&#8221;50px&#8221; header_3_font=&#8221;||||||||&#8221; header_3_text_color=&#8221;#ffffff&#8221; header_3_font_size=&#8221;28px&#8221; header_3_line_height=&#8221;30px&#8221; header_4_text_align=&#8221;left&#8221; header_4_text_color=&#8221;#ffffff&#8221; background_color=&#8221;#ffffff&#8221; background_enable_color=&#8221;off&#8221; custom_margin=&#8221;0px||10px||false|false&#8221; custom_padding=&#8221;|5%|0px|0px|false|false&#8221; hover_enabled=&#8221;0&#8243; border_radii=&#8221;||||&#8221; border_style_all=&#8221;none&#8221; border_color_top=&#8221;#ffffff&#8221; border_color_right=&#8221;#ffffff&#8221; border_color_bottom=&#8221;#ffffff&#8221; border_color_left=&#8221;#ffffff&#8221; global_colors_info=&#8221;{}&#8221; sticky_enabled=&#8221;0&#8243;]<\/p>\n<p>Grimaud Fr\u00e8res has designed the &#8220;Weezyou&#8221; platform, specially dedicated to those involved in animal production, to offer you optimum support in ducks, geese, pigeons and guinea fowl breeding.<\/p>\n<p>[\/et_pb_text][et_pb_button button_url=&#8221;https:\/\/weezyou.com\/?_industries=duck%2Cother-poultry&#8221; url_new_window=&#8221;on&#8221; button_text=&#8221;Discover Weezyou&#8221; _builder_version=&#8221;4.18.0&#8243; _module_preset=&#8221;default&#8221; custom_margin=&#8221;||20px||false|false&#8221; global_colors_info=&#8221;{}&#8221;][\/et_pb_button][et_pb_text _builder_version=&#8221;4.18.0&#8243; text_font=&#8221;||||||||&#8221; text_text_color=&#8221;#000000&#8243; header_font=&#8221;||||||||&#8221; header_font_size=&#8221;50px&#8221; header_2_font=&#8221;||||||||&#8221; header_2_text_color=&#8221;#1d1d1b&#8221; header_2_line_height=&#8221;50px&#8221; header_3_font=&#8221;||||||||&#8221; header_3_text_color=&#8221;#ffffff&#8221; header_3_font_size=&#8221;28px&#8221; header_3_line_height=&#8221;30px&#8221; header_4_text_align=&#8221;left&#8221; header_4_text_color=&#8221;#ffffff&#8221; background_color=&#8221;#ffffff&#8221; background_enable_color=&#8221;off&#8221; custom_margin=&#8221;14px||0px||false|false&#8221; custom_padding=&#8221;|5%|0px|0px|false|false&#8221; border_radii=&#8221;||||&#8221; border_style_all=&#8221;none&#8221; border_color_top=&#8221;#ffffff&#8221; border_color_right=&#8221;#ffffff&#8221; border_color_bottom=&#8221;#ffffff&#8221; border_color_left=&#8221;#ffffff&#8221; global_colors_info=&#8221;{}&#8221;]<\/p>\n<p>On this platform, you will find our technical documentation, articles, advice, tutorials and a host of services offered by our experts, available in several languages.<\/p>\n<p>As we are aware that our teams do not cover all areas of livestock production, such as nutrition or animal health, we have brought together several partners on this platform who can contribute with their expertise in other areas and for other animal species.<\/p>\n<p>Don&#8217;t forget to subscribe to the Weezyou Newsletter to be kept informed of new content!<\/p>\n<p>Enjoy your discovery!<\/p>\n<p>[\/et_pb_text][et_pb_image src=&#8221;https:\/\/grimaudfreres.com\/wp-content\/uploads\/2023\/07\/logo-weezyou.jpg&#8221; alt=&#8221;Mickael Le Helloco, Directeur G\u00e9n\u00e9ral de Novogen, g\u00e9n\u00e9tique aviculture&#8221; title_text=&#8221;logo-weezyou&#8221; disabled_on=&#8221;off|off|on&#8221; _builder_version=&#8221;4.18.0&#8243; background_enable_image=&#8221;off&#8221; z_index=&#8221;56&#8243; width=&#8221;100%&#8221; module_alignment=&#8221;right&#8221; custom_margin=&#8221;32px||0px|0px|false|false&#8221; custom_padding=&#8221;||||false|false&#8221; border_radii=&#8221;off|60px|60px|60px|&#8221; global_colors_info=&#8221;{}&#8221;][\/et_pb_image][\/et_pb_column][\/et_pb_row][\/et_pb_section]<\/p>\n","protected":false},"excerpt":{"rendered":"<p>WeezyouThe animal production services platformGrimaud Fr\u00e8res has designed the &#8220;Weezyou&#8221; platform, specially dedicated to those involved in animal production.Grimaud Fr\u00e8res has designed the &#8220;Weezyou&#8221; platform, specially dedicated to those involved in animal production, to offer you optimum support in ducks, geese, pigeons and guinea fowl breeding.On this platform, you will find our technical documentation, articles, [&hellip;]<\/p>\n","protected":false},"author":16,"featured_media":0,"parent":0,"menu_order":0,"comment_status":"closed","ping_status":"closed","template":"","meta":{"_et_pb_use_builder":"on","_et_pb_old_content":"","_et_gb_content_width":"","footnotes":""},"class_list":["post-74216","page","type-page","status-publish","hentry"],"yoast_head":"<!-- This site is optimized with the Yoast SEO plugin v26.4 - https:\/\/yoast.com\/wordpress\/plugins\/seo\/ -->\n<title>Weezyou - Grimaud Freres<\/title>\n<meta name=\"robots\" content=\"index, follow, max-snippet:-1, max-image-preview:large, max-video-preview:-1\" \/>\n<link rel=\"canonical\" href=\"https:\/\/grimaudfreres.com\/en\/weezyou\/\" \/>\n<meta property=\"og:locale\" content=\"en_US\" \/>\n<meta property=\"og:type\" content=\"article\" \/>\n<meta property=\"og:title\" content=\"Weezyou - Grimaud Freres\" \/>\n<meta property=\"og:description\" content=\"WeezyouThe animal production services platformGrimaud Fr\u00e8res has designed the &quot;Weezyou&quot; platform, specially dedicated to those involved in animal production.Grimaud Fr\u00e8res has designed the &quot;Weezyou&quot; platform, specially dedicated to those involved in animal production, to offer you optimum support in ducks, geese, pigeons and guinea fowl breeding.On this platform, you will find our technical documentation, articles, [&hellip;]\" \/>\n<meta property=\"og:url\" content=\"https:\/\/grimaudfreres.com\/en\/weezyou\/\" \/>\n<meta property=\"og:site_name\" content=\"Grimaud Freres\" \/>\n<meta property=\"article:modified_time\" content=\"2023-07-20T14:32:11+00:00\" \/>\n<meta name=\"twitter:card\" content=\"summary_large_image\" \/>\n<script type=\"application\/ld+json\" class=\"yoast-schema-graph\">{\"@context\":\"https:\/\/schema.org\",\"@graph\":[{\"@type\":\"WebPage\",\"@id\":\"https:\/\/grimaudfreres.com\/en\/weezyou\/\",\"url\":\"https:\/\/grimaudfreres.com\/en\/weezyou\/\",\"name\":\"Weezyou - Grimaud Freres\",\"isPartOf\":{\"@id\":\"https:\/\/grimaudfreres.com\/en\/#website\"},\"datePublished\":\"2023-07-10T10:15:44+00:00\",\"dateModified\":\"2023-07-20T14:32:11+00:00\",\"breadcrumb\":{\"@id\":\"https:\/\/grimaudfreres.com\/en\/weezyou\/#breadcrumb\"},\"inLanguage\":\"en-US\",\"potentialAction\":[{\"@type\":\"ReadAction\",\"target\":[\"https:\/\/grimaudfreres.com\/en\/weezyou\/\"]}]},{\"@type\":\"BreadcrumbList\",\"@id\":\"https:\/\/grimaudfreres.com\/en\/weezyou\/#breadcrumb\",\"itemListElement\":[{\"@type\":\"ListItem\",\"position\":1,\"name\":\"Accueil\",\"item\":\"https:\/\/grimaudfreres.com\/en\/\"},{\"@type\":\"ListItem\",\"position\":2,\"name\":\"Weezyou\"}]},{\"@type\":\"WebSite\",\"@id\":\"https:\/\/grimaudfreres.com\/en\/#website\",\"url\":\"https:\/\/grimaudfreres.com\/en\/\",\"name\":\"Grimaud Freres\",\"description\":\"Prendre soin de la vie\",\"publisher\":{\"@id\":\"https:\/\/grimaudfreres.com\/en\/#organization\"},\"potentialAction\":[{\"@type\":\"SearchAction\",\"target\":{\"@type\":\"EntryPoint\",\"urlTemplate\":\"https:\/\/grimaudfreres.com\/en\/?s={search_term_string}\"},\"query-input\":{\"@type\":\"PropertyValueSpecification\",\"valueRequired\":true,\"valueName\":\"search_term_string\"}}],\"inLanguage\":\"en-US\"},{\"@type\":\"Organization\",\"@id\":\"https:\/\/grimaudfreres.com\/en\/#organization\",\"name\":\"Grimaud Fr\u00e8res\",\"url\":\"https:\/\/grimaudfreres.com\/en\/\",\"logo\":{\"@type\":\"ImageObject\",\"inLanguage\":\"en-US\",\"@id\":\"https:\/\/grimaudfreres.com\/en\/#\/schema\/logo\/image\/\",\"url\":\"https:\/\/grimaudfreres.com\/wp-content\/uploads\/2020\/09\/logo-H-grimaud-freres-FR.svg\",\"contentUrl\":\"https:\/\/grimaudfreres.com\/wp-content\/uploads\/2020\/09\/logo-H-grimaud-freres-FR.svg\",\"width\":1107.95,\"height\":160.62,\"caption\":\"Grimaud Fr\u00e8res\"},\"image\":{\"@id\":\"https:\/\/grimaudfreres.com\/en\/#\/schema\/logo\/image\/\"}}]}<\/script>\n<!-- \/ Yoast SEO plugin. -->","yoast_head_json":{"title":"Weezyou - Grimaud Freres","robots":{"index":"index","follow":"follow","max-snippet":"max-snippet:-1","max-image-preview":"max-image-preview:large","max-video-preview":"max-video-preview:-1"},"canonical":"https:\/\/grimaudfreres.com\/en\/weezyou\/","og_locale":"en_US","og_type":"article","og_title":"Weezyou - Grimaud Freres","og_description":"WeezyouThe animal production services platformGrimaud Fr\u00e8res has designed the \"Weezyou\" platform, specially dedicated to those involved in animal production.Grimaud Fr\u00e8res has designed the \"Weezyou\" platform, specially dedicated to those involved in animal production, to offer you optimum support in ducks, geese, pigeons and guinea fowl breeding.On this platform, you will find our technical documentation, articles, [&hellip;]","og_url":"https:\/\/grimaudfreres.com\/en\/weezyou\/","og_site_name":"Grimaud Freres","article_modified_time":"2023-07-20T14:32:11+00:00","twitter_card":"summary_large_image","schema":{"@context":"https:\/\/schema.org","@graph":[{"@type":"WebPage","@id":"https:\/\/grimaudfreres.com\/en\/weezyou\/","url":"https:\/\/grimaudfreres.com\/en\/weezyou\/","name":"Weezyou - Grimaud Freres","isPartOf":{"@id":"https:\/\/grimaudfreres.com\/en\/#website"},"datePublished":"2023-07-10T10:15:44+00:00","dateModified":"2023-07-20T14:32:11+00:00","breadcrumb":{"@id":"https:\/\/grimaudfreres.com\/en\/weezyou\/#breadcrumb"},"inLanguage":"en-US","potentialAction":[{"@type":"ReadAction","target":["https:\/\/grimaudfreres.com\/en\/weezyou\/"]}]},{"@type":"BreadcrumbList","@id":"https:\/\/grimaudfreres.com\/en\/weezyou\/#breadcrumb","itemListElement":[{"@type":"ListItem","position":1,"name":"Accueil","item":"https:\/\/grimaudfreres.com\/en\/"},{"@type":"ListItem","position":2,"name":"Weezyou"}]},{"@type":"WebSite","@id":"https:\/\/grimaudfreres.com\/en\/#website","url":"https:\/\/grimaudfreres.com\/en\/","name":"Grimaud Freres","description":"Prendre soin de la vie","publisher":{"@id":"https:\/\/grimaudfreres.com\/en\/#organization"},"potentialAction":[{"@type":"SearchAction","target":{"@type":"EntryPoint","urlTemplate":"https:\/\/grimaudfreres.com\/en\/?s={search_term_string}"},"query-input":{"@type":"PropertyValueSpecification","valueRequired":true,"valueName":"search_term_string"}}],"inLanguage":"en-US"},{"@type":"Organization","@id":"https:\/\/grimaudfreres.com\/en\/#organization","name":"Grimaud Fr\u00e8res","url":"https:\/\/grimaudfreres.com\/en\/","logo":{"@type":"ImageObject","inLanguage":"en-US","@id":"https:\/\/grimaudfreres.com\/en\/#\/schema\/logo\/image\/","url":"https:\/\/grimaudfreres.com\/wp-content\/uploads\/2020\/09\/logo-H-grimaud-freres-FR.svg","contentUrl":"https:\/\/grimaudfreres.com\/wp-content\/uploads\/2020\/09\/logo-H-grimaud-freres-FR.svg","width":1107.95,"height":160.62,"caption":"Grimaud Fr\u00e8res"},"image":{"@id":"https:\/\/grimaudfreres.com\/en\/#\/schema\/logo\/image\/"}}]}},"_links":{"self":[{"href":"https:\/\/grimaudfreres.com\/en\/wp-json\/wp\/v2\/pages\/74216","targetHints":{"allow":["GET"]}}],"collection":[{"href":"https:\/\/grimaudfreres.com\/en\/wp-json\/wp\/v2\/pages"}],"about":[{"href":"https:\/\/grimaudfreres.com\/en\/wp-json\/wp\/v2\/types\/page"}],"author":[{"embeddable":true,"href":"https:\/\/grimaudfreres.com\/en\/wp-json\/wp\/v2\/users\/16"}],"replies":[{"embeddable":true,"href":"https:\/\/grimaudfreres.com\/en\/wp-json\/wp\/v2\/comments?post=74216"}],"version-history":[{"count":0,"href":"https:\/\/grimaudfreres.com\/en\/wp-json\/wp\/v2\/pages\/74216\/revisions"}],"wp:attachment":[{"href":"https:\/\/grimaudfreres.com\/en\/wp-json\/wp\/v2\/media?parent=74216"}],"curies":[{"name":"wp","href":"https:\/\/api.w.org\/{rel}","templated":true}]}}