{"id":63033,"date":"2019-03-05T07:24:42","date_gmt":"2019-03-05T06:24:42","guid":{"rendered":"https:\/\/grimaudfreres.com\/mentions-legales\/"},"modified":"2022-07-21T09:22:08","modified_gmt":"2022-07-21T08:22:08","slug":"privacy-policy","status":"publish","type":"page","link":"https:\/\/grimaudfreres.com\/en\/privacy-policy\/","title":{"rendered":"Conditions of use and privacy policy"},"content":{"rendered":"<p>[et_pb_section fb_built=&#8221;1&#8243; _builder_version=&#8221;4.5.1&#8243; background_color=&#8221;rgba(0,0,0,0.33)&#8221; background_image=&#8221;https:\/\/grimaudfreres.com\/wp-content\/uploads\/2020\/09\/header_services.jpg&#8221; background_blend=&#8221;overlay&#8221; custom_padding=&#8221;|7%|7%|7%|false|true&#8221; custom_padding_tablet=&#8221;|10%|15%|10%|false|true&#8221; custom_padding_phone=&#8221;|7%|20%|7%|false|true&#8221; global_colors_info=&#8221;{}&#8221;][et_pb_row module_class=&#8221; et_pb_row_fullwidth&#8221; _builder_version=&#8221;4.0.6&#8243; max_width=&#8221;100%&#8221; custom_padding=&#8221;||0px|||&#8221; make_fullwidth=&#8221;on&#8221; global_colors_info=&#8221;{}&#8221;][et_pb_column type=&#8221;4_4&#8243; _builder_version=&#8221;3.25&#8243; custom_padding=&#8221;|||&#8221; global_colors_info=&#8221;{}&#8221; custom_padding__hover=&#8221;|||&#8221;][et_pb_text _builder_version=&#8221;4.5.1&#8243; text_font=&#8221;||||||||&#8221; header_font=&#8221;||||||||&#8221; header_text_align=&#8221;left&#8221; header_text_color=&#8221;#ffffff&#8221; header_font_size=&#8221;60px&#8221; header_line_height=&#8221;1.2em&#8221; custom_margin=&#8221;||5px|||&#8221; custom_padding=&#8221;10%||||false|false&#8221; custom_padding_tablet=&#8221;15%||0%||false|false&#8221; custom_padding_phone=&#8221;20%||0%||false|false&#8221; custom_padding_last_edited=&#8221;on|tablet&#8221; header_font_size_tablet=&#8221;55px&#8221; header_font_size_phone=&#8221;40px&#8221; header_font_size_last_edited=&#8221;on|tablet&#8221; global_colors_info=&#8221;{}&#8221;]<\/p>\n<h1>Conditions of use<br \/>and privacy policy<\/h1>\n<p>[\/et_pb_text][\/et_pb_column][\/et_pb_row][\/et_pb_section][et_pb_section fb_built=&#8221;1&#8243; _builder_version=&#8221;4.0.6&#8243; custom_padding=&#8221;100px|14%|100px|14%|true|true&#8221; custom_padding_tablet=&#8221;100px|7%|100px|7%|true|true&#8221; global_colors_info=&#8221;{}&#8221;][et_pb_row custom_padding_last_edited=&#8221;on|tablet&#8221; _builder_version=&#8221;4.0.6&#8243; custom_padding_tablet=&#8221;0px||||false|false&#8221; custom_padding_phone=&#8221;&#8221; global_colors_info=&#8221;{}&#8221;][et_pb_column type=&#8221;4_4&#8243; _builder_version=&#8221;4.2.2&#8243; background_enable_image=&#8221;off&#8221; background_size=&#8221;initial&#8221; background_position=&#8221;bottom_left&#8221; global_colors_info=&#8221;{}&#8221;][et_pb_text _builder_version=&#8221;4.14.6&#8243; header_2_font_size=&#8221;35px&#8221; header_3_font_size=&#8221;25px&#8221; hover_enabled=&#8221;0&#8243; header_2_font_size_tablet=&#8221;&#8221; header_2_font_size_phone=&#8221;35px&#8221; header_2_font_size_last_edited=&#8221;on|phone&#8221; header_3_font_size_tablet=&#8221;&#8221; header_3_font_size_phone=&#8221;&#8221; header_3_font_size_last_edited=&#8221;on|phone&#8221; global_colors_info=&#8221;{}&#8221; sticky_enabled=&#8221;0&#8243;]<\/p>\n<h2>1. Pr\u00e9sentation du site<\/h2>\n<p>Conform\u00e9ment aux dispositions des articles 6-III et 19 de la Loi n\u00b0 2004-575 du 21 juin 2004 pour la Confiance dans l&#8217;\u00e9conomie num\u00e9rique, dite L.C.E.N., nous portons \u00e0 la connaissance des utilisateurs et visiteurs du site : www.grimaudfreres.com les informations suivantes :<\/p>\n<h2>2. Informations l\u00e9gales<\/h2>\n<h3>Identification de l&#8217;\u00e9diteur<\/h3>\n<p>GRIMAUD FRERES SELECTION<br \/>\n3 La Corbi\u00e8re &#8211; Roussay<br \/>\n49450 SEVREMOINE<br \/>\nT\u00e9l. : 02.41.70.36.90<br \/>\nAdresse e-mail: contact@grimaudfreres.com<\/p>\n<p>SAS au capital de 5\u00a0385 330 \u20ac<\/p>\n<p>R.C.S ANGERS 338\u00a0347 974<br \/>\nN\u00b0 TVA intracommunautaire FR 44 338347974<\/p>\n<h3>Directeur de la publication<\/h3>\n<p>Monsieur Yann LE POTTIER, Directeur G\u00e9n\u00e9ral\u00a0de la soci\u00e9t\u00e9 GRIMAUD FRERES SELECTION.<\/p>\n<h3>Identification du prestataire &amp; d&#8217;h\u00e9bergement<\/h3>\n<p>Le Cr\u00e9ateur du site est : <a href=\"https:\/\/kwalt-digital.com\/\" target=\"_blank\" rel=\"noopener noreferrer\">kwalt-digital.com<\/a><br \/>\nLe responsable de la publication est une personne morale\u00a0: GRIMAUD FRERES SELECTION<br \/>\nLe Webmaster est :\u00a0<a href=\"https:\/\/kwalt-digital.com\/\" target=\"_blank\" rel=\"noopener noreferrer\">kwalt-digital.com<br \/>\n<\/a>Contacter le Webmaster : <a href=\"mailto:contact@kwalt-digital.com\">contact@kwalt-digital.com<\/a><br \/>\nL\u2019hebergeur du site est : WPX<br \/>\nK Media Tech (owner of WPX) BG 202249002<br \/>\n#13, 20th April Street<br \/>\nSofia 1000<br \/>\nBulgaria<\/p>\n<h2>3. Description des services fournis<\/h2>\n<p>Le site www.grimaudfreres.com a pour objet de fournir une information concernant ses filiales, ses produits et ses services en France.La Soci\u00e9t\u00e9 s\u2019efforce de fournir sur le site www.grimaudfreres.com des informations aussi pr\u00e9cises que possible. Toutefois, il ne pourra \u00eatre tenue responsable des omissions, des inexactitudes et des carences dans la mise \u00e0 jour, qu\u2019elles soient de son fait ou du fait des tiers partenaires qui lui fournissent ces informations.<\/p>\n<p>Tous les informations propos\u00e9es sur le site www.grimaudfreres.com sont donn\u00e9es \u00e0 titre indicatif, sont non exhaustives, et sont susceptibles d\u2019\u00e9voluer. Elles sont donn\u00e9es sous r\u00e9serve de modifications ayant \u00e9t\u00e9 apport\u00e9es depuis leur mise en ligne.<\/p>\n<p>Les donn\u00e9es de performances fournies dans ce site ont \u00e9t\u00e9 \u00e9tablies \u00e0 partir de notre exp\u00e9rience et des r\u00e9sultats obtenus de nos propres animaux d&#8217;exp\u00e9rimentation et des animaux de notre client\u00e8le. Les donn\u00e9es de ce Site ne sauraient en aucun cas garantir l&#8217;obtention des m\u00eames performances dans des conditions de nutrition, de densit\u00e9 ou d&#8217;environnement physique ou biologique diff\u00e9rente. En particulier (mais sans limitation de ce qui pr\u00e9c\u00e8de), la Soci\u00e9t\u00e9 ne donne aucune garantie d&#8217;ad\u00e9quation au but, \u00e0 la performance, \u00e0\u00a0l&#8217;usage, \u00e0\u00a0la nature ou \u00e0\u00a0la qualit\u00e9 des animaux. La Soci\u00e9t\u00e9 ne fait aucune d\u00e9claration quant au caract\u00e8re pr\u00e9cis ou complet des informations contenues dans ce site. La Soci\u00e9t\u00e9 fournit des donn\u00e9es aussi fiables et actualis\u00e9es que possible. Cependant, la Soci\u00e9t\u00e9 ne garantit pas l&#8217;exactitude ni l&#8217;exhaustivit\u00e9 des informations fournies sur le Site.<\/p>\n<p>&nbsp;<\/p>\n<h2>4. Propri\u00e9t\u00e9 intellectuelle et contrefa\u00e7ons<\/h2>\n<p>Le propri\u00e9taire du site est propri\u00e9taire des droits de propri\u00e9t\u00e9 intellectuelle ou d\u00e9tient les droits d\u2019usage sur tous les \u00e9l\u00e9ments accessibles sur le site, notamment les textes, images, graphismes, logo, ic\u00f4nes, sons, logiciels\u2026<\/p>\n<p>Toute reproduction, repr\u00e9sentation, modification, publication, adaptation totale ou partielle des \u00e9l\u00e9ments du site, quel que soit le moyen ou le proc\u00e9d\u00e9 utilis\u00e9, est interdite, sauf autorisation \u00e9crite de la Soci\u00e9t\u00e9, hormis les exceptions vis\u00e9es \u00e0 l&#8217;article L 122-5 du Code de la propri\u00e9t\u00e9 intellectuelle.<\/p>\n<p>Toute exploitation non autoris\u00e9e du site ou de l\u2019un quelconque de ces \u00e9l\u00e9ments qu\u2019il contient sera consid\u00e9r\u00e9e comme constitutive d\u2019une contrefa\u00e7on et poursuivie conform\u00e9ment aux dispositions des articles L.335-2 et suivants du Code de Propri\u00e9t\u00e9 Intellectuelle.<\/p>\n<p>&nbsp;<\/p>\n<p>Le Site peut contenir ou r\u00e9f\u00e9rencer des marques d\u00e9pos\u00e9es, brevets, donn\u00e9es priv\u00e9es, technologies, produits, proc\u00e9d\u00e9s, ou autres droits de la Soci\u00e9t\u00e9 et\/ou de tiers. Aucune licence ni droit portant sur l&#8217;un quelconque de ceux-ci ne sont accord\u00e9s au visiteur.<\/p>\n<p>&nbsp;<\/p>\n<h2>5. GESTION DES DONN\u00c9ES PERSONNELLES ET POLITIQUE DE CONFIDENTIALIT\u00c9<\/h2>\n<p>&nbsp;<\/p>\n<p>En France, les donn\u00e9es personnelles sont notamment prot\u00e9g\u00e9es par la loi n\u00b0 78-87 du 6 janvier 1978, la loi n\u00b0 2004-801 du 6 ao\u00fbt 2004, l\u2019article L. 226-13 du Code p\u00e9nal, la Directive Europ\u00e9enne du 24 octobre 1995 et le r\u00e8glement n\u00b02016\/679 dit R\u00e8glement G\u00e9n\u00e9ral sur la Protection des Donn\u00e9es.<\/p>\n<p>A l\u2019occasion de l\u2019utilisation du site www.grimaudfreres.com, peuvent \u00eatre recueillies : l\u2019URL des liens par l\u2019interm\u00e9diaire desquels l\u2019utilisateur a acc\u00e9d\u00e9 au www.grimaudfreres.com, le fournisseur d\u2019acc\u00e8s de l\u2019utilisateur, l\u2019adresse de protocole Internet (IP) de l\u2019utilisateur.<\/p>\n<p>En tout \u00e9tat de cause GRIMAUD FRERES ne collecte des informations personnelles relatives \u00e0 l\u2019utilisateur que pour le besoin de certains services propos\u00e9s par le site www.grimaudfreres.com. L\u2019utilisateur fournit ces informations en toute connaissance de cause, notamment lorsqu\u2019il proc\u00e8de par lui-m\u00eame \u00e0 leur saisie. Il est alors pr\u00e9cis\u00e9 \u00e0 l\u2019utilisateur du site www.grimaudfreres.com l\u2019obligation ou non de fournir ces informations.<\/p>\n<h2>6. FORMULAIRES DE CONTACT<\/h2>\n<p>Les informations recueillies sur les formulaires de contact du site internet www.grimaudfreres.com sont envoy\u00e9es par e-mail pour r\u00e9aliser des propositions commerciales relatives aux services de GRIMAUD FRERES.<\/p>\n<p>Ces informations sont envoy\u00e9es par le protocole https sous un certificat SSL permettant de prot\u00e9ger les informations lors de leur envoi. Elles sont conserv\u00e9es pendant 1 an et sont destin\u00e9es \u00e0 GRIMAUD FRERES.<\/p>\n<p>Ces donn\u00e9es sont les suivantes :<\/p>\n<p>&#8211; Nom<\/p>\n<p>&#8211; Adresse e-mail<br \/>\n&#8211; Soci\u00e9t\u00e9<\/p>\n<p>&#8211; Pays<\/p>\n<p>&#8211; Message libre dans lequel d\u2019autres donn\u00e9es personnelles pourraient \u00eatre renseign\u00e9es par l\u2019utilisateur<\/p>\n<p>Les donn\u00e9es fournies sont uniquement stock\u00e9es sur la boite e-mail de contact@grimaudfreres.com et Marine RIVIERE, ainsi que sur l\u2019outil de stockage SARBACANE. Les appareils o\u00f9 ces donn\u00e9es sont accessibles (t\u00e9l\u00e9phones mobiles et ordinateurs) sont prot\u00e9g\u00e9s par un mot de passe.<\/p>\n<p>Dans tous les cas, l\u2019utilisateur peut refuser de fournir ses donn\u00e9es personnelles. Dans ce cas, il ne pourra pas utiliser les services du site, ni solliciter de renseignements sur ces services.<\/p>\n<p>Tout utilisateur dispose d\u2019un droit d\u2019acc\u00e8s, de rectification et d\u2019opposition aux donn\u00e9es personnelles le concernant en contactant : Service Marketing \u2013 Grimaud Fr\u00e8res S\u00e9lection SAS \u2013 3 La Corbi\u00e8re \u2013 Roussay \u2013 49250 S\u00e8vremoine.<\/p>\n<p>Aucune information personnelle de l\u2019utilisateur du site www.grimaudfreres.com<\/p>\n<p>n\u2019est publi\u00e9e \u00e0 l\u2019insu de l\u2019utilisateur, \u00e9chang\u00e9e, transf\u00e9r\u00e9e, c\u00e9d\u00e9e ou vendue sur un support quelconque \u00e0 des tiers. Seule l\u2019hypoth\u00e8se du rachat de GRIMAUD FRERES SAS et de ses droits permettrait la transmission des dites informations \u00e0 l\u2019\u00e9ventuel acqu\u00e9reur qui serait \u00e0 son tour tenu de la m\u00eame obligation de conservation et de modification des donn\u00e9es vis \u00e0 vis de l\u2019utilisateur du site www.grimaudfreres.com.<\/p>\n<h2>7. LIENS HYPERTEXTES ET COOKIES<\/h2>\n<p>Ce Site contient \u00e9galement des liens vers d&#8217;autres sites. La Soci\u00e9t\u00e9 ne pourra \u00eatre tenue pour responsable de tous pr\u00e9judices directs ou indirects, r\u00e9sultant de l&#8217;acc\u00e8s ou de l&#8217;utilisation de ces informations provenant de tiers, ni du contenu des autres sites. Toute liaison avec les autres sites, s&#8217;effectue sous la seule responsabilit\u00e9 du visiteur.<\/p>\n<p>Dans l\u2019hypoth\u00e8se o\u00f9 un utilisateur ou visiteur souhaiterait mettre en place un hyperlien en<\/p>\n<p>direction d\u2019un des sites internet de GRIMAUD FRERES, il lui appartiendra d\u2019adresser un email accessible sur le site afin de formuler sa demande de mise en place d\u2019un hyperlien. GRIMAUD FRERES se r\u00e9serve le droit d\u2019accepter ou de refuser un hyperlien sans avoir \u00e0 en justifier sa d\u00e9cision.<\/p>\n<p>La navigation sur le site www.grimaudfreres.com est susceptible de provoquer l\u2019installation de cookie(s) sur l\u2019ordinateur de l\u2019utilisateur. Un cookie est un fichier de petite taille, qui ne permet pas l\u2019identification de l\u2019utilisateur, mais qui enregistre des informations relatives \u00e0 la navigation d\u2019un ordinateur sur un site. Nous collectons ainsi de mani\u00e8re automatique certaines informations vous concernant lors d\u2019une simple navigation sur notre site Internet, notamment : des informations concernant l\u2019utilisation de notre site, comme les zones que vous visitez et les services auxquels vous acc\u00e9dez, votre adresse IP, le type de votre navigateur, vos temps d\u2019acc\u00e8s. De telles informations sont utilis\u00e9es exclusivement \u00e0 des fins de statistiques internes et de s\u00e9curit\u00e9 du site GRIMUD FRERES, ou pour am\u00e9liorer la qualit\u00e9 des services qui vous sont propos\u00e9s. Les bases de donn\u00e9es sont prot\u00e9g\u00e9es par les dispositions de la loi du 1er juillet 1998 transposant la directive 96\/9 du 11 mars 1996 relative \u00e0 la protection juridique des bases de donn\u00e9es.<\/p>\n<p>Le site GRIMAUD FRERES utilise des solutions de soci\u00e9t\u00e9 tierces qui n\u00e9cessitent l\u2019utilisation de cookies r\u00e9coltant des informations personnelles :<\/p>\n<p>\u2013 Solution statistique Google Analytics.<\/p>\n<p>\u2013 Solution de s\u00e9curit\u00e9 Wordfence<\/p>\n<p>Le refus d\u2019installation d\u2019un cookie peut entra\u00eener l\u2019impossibilit\u00e9 d\u2019acc\u00e9der \u00e0 certains services. L\u2019utilisateur peut toutefois configurer son ordinateur de la mani\u00e8re suivante, pour refuser l\u2019installation des cookies :<\/p>\n<p>Sous Internet Explorer : onglet outil (pictogramme en forme de rouage en haut a droite) \/ options internet. Cliquez sur Confidentialit\u00e9 et choisissez Bloquer tous les cookies. Validez sur Ok.<\/p>\n<p>Sous Firefox : en haut de la fen\u00eatre du navigateur, cliquez sur le bouton Firefox, puis aller dans l\u2019onglet Options. Cliquer sur l\u2019onglet Vie priv\u00e9e. Param\u00e9trez les R\u00e8gles de conservation sur : utiliser les param\u00e8tres personnalis\u00e9s pour l\u2019historique. Enfin d\u00e9cochez-la pour d\u00e9sactiver les cookies.<\/p>\n<p>Sous Safari : Cliquez en haut \u00e0 droite du navigateur sur le pictogramme de menu (symbolis\u00e9 par un rouage). S\u00e9lectionnez Param\u00e8tres. Cliquez sur Afficher les param\u00e8tres avanc\u00e9s. Dans la section \u00ab Confidentialit\u00e9 \u00bb, cliquez sur Param\u00e8tres de contenu. Dans la section \u00ab Cookies \u00bb, vous pouvez bloquer les cookies.<\/p>\n<p>Sous Chrome : Cliquez en haut \u00e0 droite du navigateur sur le pictogramme de menu (symbolis\u00e9 par trois lignes horizontales). S\u00e9lectionnez Param\u00e8tres. Cliquez sur Afficher les param\u00e8tres avanc\u00e9s. Dans la section \u00ab Confidentialit\u00e9 \u00bb, cliquez sur pr\u00e9f\u00e9rences. Dans l\u2019onglet \u00ab Confidentialit\u00e9 \u00bb, vous pouvez bloquer les cookies.<\/p>\n<h2>8. NEWSLETTER<\/h2>\n<p>En renseignant votre adresse e-mail dans les formulaires d\u2019inscription newsletter, vous acceptez de recevoir de la part du site GRIMAUD FRERES des e-mails d\u2019information dont le contenu est sp\u00e9cifi\u00e9 sous le champ de saisi de votre adresse e-mail.<\/p>\n<p>Votre adresse e-mail est enregistr\u00e9e chez Sarbacane, un service tiers de gestion d\u2019inscriptions et d\u2019envoi de newsletter. Votre adresse e-mail est conserv\u00e9e au maximum 3 ans \u00e0 partir de la date d\u2019inscription \u00e0 la newsletter.<\/p>\n<p>Vous pouvez \u00e0 tout moment demander la suppression de votre adresse e-mail de nos listes d\u2019envoi en contactant Service Marketing \u2013 Grimaud Fr\u00e8res S\u00e9lection SAS \u2013 3 La Corbi\u00e8re \u2013 Roussay \u2013 49250 S\u00e8vremoine.<\/p>\n<h2>9. DROIT APPLICABLE ET ATTRIBUTION DE JURIDICTION<\/h2>\n<p>Tout litige en relation avec l\u2019utilisation du site www.grimaudfreres.com est soumis au droit fran\u00e7ais. Il est fait attribution exclusive de juridiction aux tribunaux comp\u00e9tents de Paris.<\/p>\n<h2>10. LES PRINCIPALES LOIS CONCERN\u00c9ES<\/h2>\n<p>Loi n\u00b0 78-17 du 6 janvier 1978, notamment modifi\u00e9e par la loi n\u00b0 2004-801 du 6 ao\u00fbt 2004 relative \u00e0 l\u2019informatique, aux fichiers et aux libert\u00e9s.<\/p>\n<p>Loi n\u00b0 2004-575 du 21 juin 2004 pour la confiance dans l\u2019\u00e9conomie num\u00e9rique.<\/p>\n<p>R\u00e8glement n\u00b02016\/679 dit R\u00e8glement G\u00e9n\u00e9ral sur la Protection des Donn\u00e9es.<\/p>\n<h2>11. LEXIQUE<\/h2>\n<p>Utilisateur : Internaute se connectant, utilisant le site susnomm\u00e9.<\/p>\n<p>Informations personnelles : \u00ab les informations qui permettent, sous quelque forme que ce soit, directement ou non, l\u2019identification des personnes physiques auxquelles elles s\u2019appliquent \u00bb (article 4 de la loi n\u00b0 78-17 du 6 janvier 1978).<\/p>\n<p>&nbsp;[\/et_pb_text][\/et_pb_column][\/et_pb_row][\/et_pb_section]<\/p>\n","protected":false},"excerpt":{"rendered":"<p>Conditions of useand privacy policy1. Pr\u00e9sentation du site Conform\u00e9ment aux dispositions des articles 6-III et 19 de la Loi n\u00b0 2004-575 du 21 juin 2004 pour la Confiance dans l&#8217;\u00e9conomie num\u00e9rique, dite L.C.E.N., nous portons \u00e0 la connaissance des utilisateurs et visiteurs du site : www.grimaudfreres.com les informations suivantes : 2. Informations l\u00e9gales Identification de [&hellip;]<\/p>\n","protected":false},"author":16,"featured_media":0,"parent":0,"menu_order":0,"comment_status":"closed","ping_status":"closed","template":"","meta":{"_et_pb_use_builder":"on","_et_pb_old_content":"<!-- wp:divi\/placeholder \/-->","_et_gb_content_width":"","footnotes":""},"class_list":["post-63033","page","type-page","status-publish","hentry"],"yoast_head":"<!-- This site is optimized with the Yoast SEO plugin v26.4 - https:\/\/yoast.com\/wordpress\/plugins\/seo\/ -->\n<title>Conditions of use and privacy policy - Grimaud Freres<\/title>\n<meta name=\"robots\" content=\"index, follow, max-snippet:-1, max-image-preview:large, max-video-preview:-1\" \/>\n<link rel=\"canonical\" href=\"https:\/\/grimaudfreres.com\/en\/privacy-policy\/\" \/>\n<meta property=\"og:locale\" content=\"en_US\" \/>\n<meta property=\"og:type\" content=\"article\" \/>\n<meta property=\"og:title\" content=\"Conditions of use and privacy policy - Grimaud Freres\" \/>\n<meta property=\"og:description\" content=\"Conditions of useand privacy policy1. Pr\u00e9sentation du site Conform\u00e9ment aux dispositions des articles 6-III et 19 de la Loi n\u00b0 2004-575 du 21 juin 2004 pour la Confiance dans l&#039;\u00e9conomie num\u00e9rique, dite L.C.E.N., nous portons \u00e0 la connaissance des utilisateurs et visiteurs du site : www.grimaudfreres.com les informations suivantes : 2. Informations l\u00e9gales Identification de [&hellip;]\" \/>\n<meta property=\"og:url\" content=\"https:\/\/grimaudfreres.com\/en\/privacy-policy\/\" \/>\n<meta property=\"og:site_name\" content=\"Grimaud Freres\" \/>\n<meta property=\"article:modified_time\" content=\"2022-07-21T08:22:08+00:00\" \/>\n<meta name=\"twitter:card\" content=\"summary_large_image\" \/>\n<meta name=\"twitter:label1\" content=\"Est. reading time\" \/>\n\t<meta name=\"twitter:data1\" content=\"11 minutes\" \/>\n<script type=\"application\/ld+json\" class=\"yoast-schema-graph\">{\"@context\":\"https:\/\/schema.org\",\"@graph\":[{\"@type\":\"WebPage\",\"@id\":\"https:\/\/grimaudfreres.com\/en\/privacy-policy\/\",\"url\":\"https:\/\/grimaudfreres.com\/en\/privacy-policy\/\",\"name\":\"Conditions of use and privacy policy - Grimaud Freres\",\"isPartOf\":{\"@id\":\"https:\/\/grimaudfreres.com\/en\/#website\"},\"datePublished\":\"2019-03-05T06:24:42+00:00\",\"dateModified\":\"2022-07-21T08:22:08+00:00\",\"breadcrumb\":{\"@id\":\"https:\/\/grimaudfreres.com\/en\/privacy-policy\/#breadcrumb\"},\"inLanguage\":\"en-US\",\"potentialAction\":[{\"@type\":\"ReadAction\",\"target\":[\"https:\/\/grimaudfreres.com\/en\/privacy-policy\/\"]}]},{\"@type\":\"BreadcrumbList\",\"@id\":\"https:\/\/grimaudfreres.com\/en\/privacy-policy\/#breadcrumb\",\"itemListElement\":[{\"@type\":\"ListItem\",\"position\":1,\"name\":\"Accueil\",\"item\":\"https:\/\/grimaudfreres.com\/en\/\"},{\"@type\":\"ListItem\",\"position\":2,\"name\":\"Conditions of use and privacy policy\"}]},{\"@type\":\"WebSite\",\"@id\":\"https:\/\/grimaudfreres.com\/en\/#website\",\"url\":\"https:\/\/grimaudfreres.com\/en\/\",\"name\":\"Grimaud Freres\",\"description\":\"Prendre soin de la vie\",\"publisher\":{\"@id\":\"https:\/\/grimaudfreres.com\/en\/#organization\"},\"potentialAction\":[{\"@type\":\"SearchAction\",\"target\":{\"@type\":\"EntryPoint\",\"urlTemplate\":\"https:\/\/grimaudfreres.com\/en\/?s={search_term_string}\"},\"query-input\":{\"@type\":\"PropertyValueSpecification\",\"valueRequired\":true,\"valueName\":\"search_term_string\"}}],\"inLanguage\":\"en-US\"},{\"@type\":\"Organization\",\"@id\":\"https:\/\/grimaudfreres.com\/en\/#organization\",\"name\":\"Grimaud Fr\u00e8res\",\"url\":\"https:\/\/grimaudfreres.com\/en\/\",\"logo\":{\"@type\":\"ImageObject\",\"inLanguage\":\"en-US\",\"@id\":\"https:\/\/grimaudfreres.com\/en\/#\/schema\/logo\/image\/\",\"url\":\"https:\/\/grimaudfreres.com\/wp-content\/uploads\/2020\/09\/logo-H-grimaud-freres-FR.svg\",\"contentUrl\":\"https:\/\/grimaudfreres.com\/wp-content\/uploads\/2020\/09\/logo-H-grimaud-freres-FR.svg\",\"width\":1107.95,\"height\":160.62,\"caption\":\"Grimaud Fr\u00e8res\"},\"image\":{\"@id\":\"https:\/\/grimaudfreres.com\/en\/#\/schema\/logo\/image\/\"}}]}<\/script>\n<!-- \/ Yoast SEO plugin. -->","yoast_head_json":{"title":"Conditions of use and privacy policy - Grimaud Freres","robots":{"index":"index","follow":"follow","max-snippet":"max-snippet:-1","max-image-preview":"max-image-preview:large","max-video-preview":"max-video-preview:-1"},"canonical":"https:\/\/grimaudfreres.com\/en\/privacy-policy\/","og_locale":"en_US","og_type":"article","og_title":"Conditions of use and privacy policy - Grimaud Freres","og_description":"Conditions of useand privacy policy1. Pr\u00e9sentation du site Conform\u00e9ment aux dispositions des articles 6-III et 19 de la Loi n\u00b0 2004-575 du 21 juin 2004 pour la Confiance dans l'\u00e9conomie num\u00e9rique, dite L.C.E.N., nous portons \u00e0 la connaissance des utilisateurs et visiteurs du site : www.grimaudfreres.com les informations suivantes : 2. Informations l\u00e9gales Identification de [&hellip;]","og_url":"https:\/\/grimaudfreres.com\/en\/privacy-policy\/","og_site_name":"Grimaud Freres","article_modified_time":"2022-07-21T08:22:08+00:00","twitter_card":"summary_large_image","twitter_misc":{"Est. reading time":"11 minutes"},"schema":{"@context":"https:\/\/schema.org","@graph":[{"@type":"WebPage","@id":"https:\/\/grimaudfreres.com\/en\/privacy-policy\/","url":"https:\/\/grimaudfreres.com\/en\/privacy-policy\/","name":"Conditions of use and privacy policy - Grimaud Freres","isPartOf":{"@id":"https:\/\/grimaudfreres.com\/en\/#website"},"datePublished":"2019-03-05T06:24:42+00:00","dateModified":"2022-07-21T08:22:08+00:00","breadcrumb":{"@id":"https:\/\/grimaudfreres.com\/en\/privacy-policy\/#breadcrumb"},"inLanguage":"en-US","potentialAction":[{"@type":"ReadAction","target":["https:\/\/grimaudfreres.com\/en\/privacy-policy\/"]}]},{"@type":"BreadcrumbList","@id":"https:\/\/grimaudfreres.com\/en\/privacy-policy\/#breadcrumb","itemListElement":[{"@type":"ListItem","position":1,"name":"Accueil","item":"https:\/\/grimaudfreres.com\/en\/"},{"@type":"ListItem","position":2,"name":"Conditions of use and privacy policy"}]},{"@type":"WebSite","@id":"https:\/\/grimaudfreres.com\/en\/#website","url":"https:\/\/grimaudfreres.com\/en\/","name":"Grimaud Freres","description":"Prendre soin de la vie","publisher":{"@id":"https:\/\/grimaudfreres.com\/en\/#organization"},"potentialAction":[{"@type":"SearchAction","target":{"@type":"EntryPoint","urlTemplate":"https:\/\/grimaudfreres.com\/en\/?s={search_term_string}"},"query-input":{"@type":"PropertyValueSpecification","valueRequired":true,"valueName":"search_term_string"}}],"inLanguage":"en-US"},{"@type":"Organization","@id":"https:\/\/grimaudfreres.com\/en\/#organization","name":"Grimaud Fr\u00e8res","url":"https:\/\/grimaudfreres.com\/en\/","logo":{"@type":"ImageObject","inLanguage":"en-US","@id":"https:\/\/grimaudfreres.com\/en\/#\/schema\/logo\/image\/","url":"https:\/\/grimaudfreres.com\/wp-content\/uploads\/2020\/09\/logo-H-grimaud-freres-FR.svg","contentUrl":"https:\/\/grimaudfreres.com\/wp-content\/uploads\/2020\/09\/logo-H-grimaud-freres-FR.svg","width":1107.95,"height":160.62,"caption":"Grimaud Fr\u00e8res"},"image":{"@id":"https:\/\/grimaudfreres.com\/en\/#\/schema\/logo\/image\/"}}]}},"_links":{"self":[{"href":"https:\/\/grimaudfreres.com\/en\/wp-json\/wp\/v2\/pages\/63033","targetHints":{"allow":["GET"]}}],"collection":[{"href":"https:\/\/grimaudfreres.com\/en\/wp-json\/wp\/v2\/pages"}],"about":[{"href":"https:\/\/grimaudfreres.com\/en\/wp-json\/wp\/v2\/types\/page"}],"author":[{"embeddable":true,"href":"https:\/\/grimaudfreres.com\/en\/wp-json\/wp\/v2\/users\/16"}],"replies":[{"embeddable":true,"href":"https:\/\/grimaudfreres.com\/en\/wp-json\/wp\/v2\/comments?post=63033"}],"version-history":[{"count":0,"href":"https:\/\/grimaudfreres.com\/en\/wp-json\/wp\/v2\/pages\/63033\/revisions"}],"wp:attachment":[{"href":"https:\/\/grimaudfreres.com\/en\/wp-json\/wp\/v2\/media?parent=63033"}],"curies":[{"name":"wp","href":"https:\/\/api.w.org\/{rel}","templated":true}]}}